{"id":122,"date":"2022-03-14T05:15:28","date_gmt":"2022-03-14T05:15:28","guid":{"rendered":"https:\/\/dreamupproperties.com\/?page_id=122"},"modified":"2024-01-23T19:19:15","modified_gmt":"2024-01-24T00:19:15","slug":"quienes-somos","status":"publish","type":"page","link":"https:\/\/dreamupproperties.com\/en\/quienes-somos\/","title":{"rendered":"\u00bfQuienes somos?"},"content":{"rendered":"<div data-elementor-type=\"wp-page\" data-elementor-id=\"122\" class=\"elementor elementor-122\">\n\t\t\t\t\t\t<section class=\"elementor-section elementor-top-section elementor-element elementor-element-f78f29f elementor-section-boxed elementor-section-height-default elementor-section-height-default\" data-id=\"f78f29f\" data-element_type=\"section\" data-settings=\"{&quot;background_background&quot;:&quot;classic&quot;}\">\n\t\t\t\t\t\t\t<div class=\"elementor-background-overlay\"><\/div>\n\t\t\t\t\t\t\t<div class=\"elementor-container elementor-column-gap-default\">\n\t\t\t\t\t<div class=\"elementor-column elementor-col-100 elementor-top-column elementor-element elementor-element-3966d38\" data-id=\"3966d38\" data-element_type=\"column\">\n\t\t\t<div class=\"elementor-widget-wrap elementor-element-populated\">\n\t\t\t\t\t\t<div class=\"elementor-element elementor-element-8902668 elementor-widget elementor-widget-heading\" data-id=\"8902668\" data-element_type=\"widget\" data-widget_type=\"heading.default\">\n\t\t\t\t<div class=\"elementor-widget-container\">\n\t\t\t\t\t<h1 class=\"elementor-heading-title elementor-size-default\">\u00bfQui\u00e9nes somos?<\/h1>\t\t\t\t<\/div>\n\t\t\t\t<\/div>\n\t\t\t\t\t<\/div>\n\t\t<\/div>\n\t\t\t\t\t<\/div>\n\t\t<\/section>\n\t\t<div class=\"elementor-element elementor-element-66d99a9 e-flex e-con-boxed e-con e-parent\" data-id=\"66d99a9\" data-element_type=\"container\">\n\t\t\t\t\t<div class=\"e-con-inner\">\n\t\t<div class=\"elementor-element elementor-element-d0ac368 e-con-full e-flex e-con e-child\" data-id=\"d0ac368\" data-element_type=\"container\">\n\t\t\t\t<div class=\"elementor-element elementor-element-11186ee elementor-widget elementor-widget-text-editor\" data-id=\"11186ee\" data-element_type=\"widget\" data-widget_type=\"text-editor.default\">\n\t\t\t\t<div class=\"elementor-widget-container\">\n\t\t\t\t\t\t\t\t\t<h4><strong>En el vibrante cruce entre Costa Rica y Estados Unidos, nace DreamUp Properties (DUP), con la firme misi\u00f3n de transformar la experiencia en la industria de Bienes Ra\u00edces. Enfocados en la creaci\u00f3n de un entorno m\u00e1s profesional y seguro, hemos construido una plataforma que redefine la conexi\u00f3n entre compradores y vendedores, as\u00ed como la experiencia de nuestros valiosos agentes independientes.<\/strong><\/h4><h4>Con un a\u00f1o de trayectoria, nos hemos dedicado a forjar una s\u00f3lida estructura para nuestros clientes y asesores, consolidando nuestra presencia en el mercado. Nos enorgullece destacar nuestra atenci\u00f3n a la creciente comunidad DREAMUP, con el firme prop\u00f3sito de mejorar continuamente la experiencia de nuestros usuarios. A corto plazo, nos enfocamos en facilitar la conexi\u00f3n entre compradores y vendedores, creando un ambiente propicio para transacciones exitosas.<\/h4>\t\t\t\t\t\t\t\t<\/div>\n\t\t\t\t<\/div>\n\t\t\t\t<\/div>\n\t\t<div class=\"elementor-element elementor-element-3fc7029 e-con-full e-flex e-con e-child\" data-id=\"3fc7029\" data-element_type=\"container\">\n\t\t\t\t<div class=\"elementor-element elementor-element-6298f1b elementor-widget elementor-widget-image\" data-id=\"6298f1b\" data-element_type=\"widget\" data-widget_type=\"image.default\">\n\t\t\t\t<div class=\"elementor-widget-container\">\n\t\t\t\t\t\t\t\t\t\t\t\t\t\t\t<img fetchpriority=\"high\" decoding=\"async\" width=\"607\" height=\"597\" src=\"https:\/\/dreamupproperties.com\/wp-content\/uploads\/2024\/01\/Captura-desde-2024-01-23-17-47-43.png\" class=\"attachment-large size-large wp-image-1810\" alt=\"\" srcset=\"https:\/\/dreamupproperties.com\/wp-content\/uploads\/2024\/01\/Captura-desde-2024-01-23-17-47-43.png 607w, https:\/\/dreamupproperties.com\/wp-content\/uploads\/2024\/01\/Captura-desde-2024-01-23-17-47-43-300x295.png 300w\" sizes=\"(max-width: 607px) 100vw, 607px\" \/>\t\t\t\t\t\t\t\t\t\t\t\t\t\t\t<\/div>\n\t\t\t\t<\/div>\n\t\t\t\t<\/div>\n\t\t\t\t\t<\/div>\n\t\t\t\t<\/div>\n\t\t<div class=\"elementor-element elementor-element-8a5e3e4 e-flex e-con-boxed e-con e-parent\" data-id=\"8a5e3e4\" data-element_type=\"container\">\n\t\t\t\t\t<div class=\"e-con-inner\">\n\t\t\t\t<div class=\"elementor-element elementor-element-c705579 elementor-widget elementor-widget-text-editor\" data-id=\"c705579\" data-element_type=\"widget\" data-widget_type=\"text-editor.default\">\n\t\t\t\t<div class=\"elementor-widget-container\">\n\t\t\t\t\t\t\t\t\t<h4>Nuestra visi\u00f3n a mediano plazo incluye la expansi\u00f3n a nivel nacional, con el objetivo de acercar a m\u00e1s agentes y clientes compradores a las oportunidades que ofrecemos. Pero no nos detenemos ah\u00ed; miramos hacia el horizonte internacional, con planes de expansi\u00f3n hacia pa\u00edses como Colombia y Argentina, explorando mercados atractivos por sus cualidades tropicales y oportunidades comerciales.<\/h4><h4>Nos preguntar\u00e1s, \u00bfpor qu\u00e9 decidimos emprender este camino? La respuesta es clara: buscamos crear un entorno m\u00e1s profesional y seguro en la industria de Bienes Ra\u00edces. Nos apoyamos en la solidez de mercados y pa\u00edses consolidados para transmitir esa esencia a nuestros clientes, ofreciendo no solo propiedades excepcionales, sino una experiencia que refleje nuestra dedicaci\u00f3n a la unidad, comunicaci\u00f3n, empat\u00eda, profesionalismo y \u00e9tica.<\/h4><h4>En DreamUp Properties, no solo nos destacamos por nuestras propiedades, sino tambi\u00e9n por nuestra forma \u00fanica de conectar con los clientes. Ofrecemos un acompa\u00f1amiento personalizado, fusionando un servicio profesional con el toque humano que brinda tranquilidad a cada cliente. Nuestra estructura y formalidad van m\u00e1s all\u00e1 de lo tradicional, marcando la pauta para una nueva era en el mundo de los Bienes Ra\u00edces.<\/h4><h4>\u00danete a nosotros en este emocionante viaje hacia el futuro de las propiedades de ensue\u00f1o. En DreamUp Properties, convertimos tus sue\u00f1os inmobiliarios en realidades vibrantes.<\/h4>\t\t\t\t\t\t\t\t<\/div>\n\t\t\t\t<\/div>\n\t\t\t\t\t<\/div>\n\t\t\t\t<\/div>\n\t\t\t\t<\/div>","protected":false},"excerpt":{"rendered":"<p> [&hellip;]<\/p>","protected":false},"author":1,"featured_media":0,"parent":0,"menu_order":0,"comment_status":"closed","ping_status":"closed","template":"elementor_header_footer","meta":{"footnotes":""},"class_list":["post-122","page","type-page","status-publish","hentry","rishi-post","no-post-thumbnail"],"rishi__cb_customizer_meta":{"page_title_panel":"","page_title_hero_section":"default","breadcrumbs_single_page":"no","single_page_alignment":"left","single_page_margin":{"desktop":50,"tablet":30,"mobile":30},"8138fb612ac9b7e91263e7a5fbf192d2":"","page_structure_type":"default-sidebar","e9c333edeb90eb436cc429bcc489fcdc":"","content_style_source":"inherit","content_style":"box-layout","blog_page_streched_ed":"no","vertical_spacing_source":"custom","content_area_spacing":"none","single_page_content_background":{"background_type":"color","background_pattern":"type-1","background_image":{"attachment_id":null,"x":0,"y":0},"gradient":"linear-gradient(135deg,rgba(6,147,227,1) 0%,rgb(155,81,224) 100%)","background_repeat":"no-repeat","background_size":"auto","background_attachment":"scroll","patternColor":{"default":{"color":"#e5e7ea"}},"overlayColor":{"default":{"color":"CT_CSS_SKIP_RULE"}},"backgroundColor":{"default":{"color":"var(--paletteColor5)"}}},"single_page_content_boxed_shadow":{"inherit":false,"blur":18,"spread":-6,"v_offset":12,"h_offset":0,"inset":false,"enable":false,"color":{"color":"rgba(34, 56, 101, 0.04)"}},"single_page_boxed_content_spacing":{"top":"40px","bottom":"40px","left":"40px","right":"40px","linked":true},"single_page_content_boxed_radius":{"top":"3px","bottom":"3px","left":"3px","right":"3px","linked":true},"bc72c812e4e1b54a495a5ad03152b7e9":"","disable_featured_image":"no","disable_comments":"no","disable_header":"no","disable_footer":"no"},"_links":{"self":[{"href":"https:\/\/dreamupproperties.com\/en\/wp-json\/wp\/v2\/pages\/122","targetHints":{"allow":["GET"]}}],"collection":[{"href":"https:\/\/dreamupproperties.com\/en\/wp-json\/wp\/v2\/pages"}],"about":[{"href":"https:\/\/dreamupproperties.com\/en\/wp-json\/wp\/v2\/types\/page"}],"author":[{"embeddable":true,"href":"https:\/\/dreamupproperties.com\/en\/wp-json\/wp\/v2\/users\/1"}],"replies":[{"embeddable":true,"href":"https:\/\/dreamupproperties.com\/en\/wp-json\/wp\/v2\/comments?post=122"}],"version-history":[{"count":13,"href":"https:\/\/dreamupproperties.com\/en\/wp-json\/wp\/v2\/pages\/122\/revisions"}],"predecessor-version":[{"id":1873,"href":"https:\/\/dreamupproperties.com\/en\/wp-json\/wp\/v2\/pages\/122\/revisions\/1873"}],"wp:attachment":[{"href":"https:\/\/dreamupproperties.com\/en\/wp-json\/wp\/v2\/media?parent=122"}],"curies":[{"name":"wp","href":"https:\/\/api.w.org\/{rel}","templated":true}]}}